{"id":42765,"date":"2021-11-10T12:44:01","date_gmt":"2021-11-10T12:44:01","guid":{"rendered":"https:\/\/www.hdfreex.com\/contacto\/"},"modified":"2021-11-10T13:09:13","modified_gmt":"2021-11-10T13:09:13","slug":"contacto","status":"publish","type":"page","link":"https:\/\/www.hdfreex.com\/es\/contacto\/","title":{"rendered":"Contacto"},"content":{"rendered":"<p>Con respecto a la pol\u00edtica de privacidad implementada en HdFreeX.com;<\/p>\n<p>Puedes enviarnos tus dudas, opiniones y pensamientos a<\/p>\n<p><span style=\"color: #ff0000;\"><strong>info@hdfreex.com<\/strong><\/span><\/p>\n<p>Escriba su mensaje e informaci\u00f3n de contacto a continuaci\u00f3n. Ser\u00e1 respondido lo antes posible.<\/p>\n","protected":false},"excerpt":{"rendered":"<p>Con respecto a la pol\u00edtica de privacidad implementada en HdFreeX.com; Puedes enviarnos tus dudas, opiniones y pensamientos a info@hdfreex.com Escriba su mensaje e informaci\u00f3n de contacto a continuaci\u00f3n. Ser\u00e1 respondido lo antes posible.<\/p>\n","protected":false},"author":1,"featured_media":0,"parent":0,"menu_order":0,"comment_status":"closed","ping_status":"closed","template":"","meta":{"footnotes":""},"_links":{"self":[{"href":"https:\/\/www.hdfreex.com\/es\/wp-json\/wp\/v2\/pages\/42765"}],"collection":[{"href":"https:\/\/www.hdfreex.com\/es\/wp-json\/wp\/v2\/pages"}],"about":[{"href":"https:\/\/www.hdfreex.com\/es\/wp-json\/wp\/v2\/types\/page"}],"author":[{"embeddable":true,"href":"https:\/\/www.hdfreex.com\/es\/wp-json\/wp\/v2\/users\/1"}],"replies":[{"embeddable":true,"href":"https:\/\/www.hdfreex.com\/es\/wp-json\/wp\/v2\/comments?post=42765"}],"version-history":[{"count":1,"href":"https:\/\/www.hdfreex.com\/es\/wp-json\/wp\/v2\/pages\/42765\/revisions"}],"predecessor-version":[{"id":42766,"href":"https:\/\/www.hdfreex.com\/es\/wp-json\/wp\/v2\/pages\/42765\/revisions\/42766"}],"wp:attachment":[{"href":"https:\/\/www.hdfreex.com\/es\/wp-json\/wp\/v2\/media?parent=42765"}],"curies":[{"name":"wp","href":"https:\/\/api.w.org\/{rel}","templated":true}]}}