{"id":88583,"date":"2021-12-31T01:46:03","date_gmt":"2021-12-31T01:46:03","guid":{"rendered":"https:\/\/www.hdfreex.com\/2257-2\/"},"modified":"2021-12-31T01:46:03","modified_gmt":"2021-12-31T01:46:03","slug":"2257-2","status":"publish","type":"page","link":"https:\/\/www.hdfreex.com\/es\/2257-2\/","title":{"rendered":"2257"},"content":{"rendered":"<h1>Declaraci\u00f3n 18 USC 2257<\/h1>\n<p>Todos los modelos, actores, actrices y otras personas que aparecen en cualquier representaci\u00f3n visual de una conducta sexualmente expl\u00edcita real que aparezca o contenga de otro modo en este sitio web ten\u00edan m\u00e1s de dieciocho a\u00f1os en el momento de la creaci\u00f3n de dichas representaciones.<\/p>\n<p>Todas las dem\u00e1s representaciones visuales que se muestran en este sitio web est\u00e1n exentas de la disposici\u00f3n de la declaraci\u00f3n 18 USC 2257 y 28 C.F.R. 75 porque dichas representaciones visuales no consisten en representaciones de conducta como se enumeran espec\u00edficamente en 18 USC 2257 Declaraci\u00f3n (2) (A) a (D), sino que son simplemente representaciones de desnudez no sexualmente expl\u00edcita, o son representaciones de conducta sexual simulada, o est\u00e1n exentos porque las representaciones visuales se crearon antes del 3 de julio de 1995.<\/p>\n<p>Con respecto a todas las representaciones visuales que se muestran en este sitio web, ya sean de conducta sexualmente expl\u00edcita real, contenido sexual simulado o de otro tipo, todas las personas en dichas representaciones visuales ten\u00edan al menos 18 a\u00f1os de edad cuando se crearon dichas representaciones visuales.<\/p>\n<p>Los propietarios y operadores de este sitio web no son el productor principal (como se define ese t\u00e9rmino en la declaraci\u00f3n 18 USC 2257) de ninguno de los contenidos visuales incluidos en el sitio web.<\/p>\n","protected":false},"excerpt":{"rendered":"<p>Declaraci\u00f3n 18 USC 2257 Todos los modelos, actores, actrices y otras personas que aparecen en cualquier representaci\u00f3n visual de una conducta sexualmente expl\u00edcita real que aparezca o contenga de otro modo en este sitio web ten\u00edan m\u00e1s de dieciocho a\u00f1os en el momento de la creaci\u00f3n de dichas representaciones. Todas las dem\u00e1s representaciones visuales que [&hellip;]<\/p>\n","protected":false},"author":1,"featured_media":0,"parent":0,"menu_order":0,"comment_status":"closed","ping_status":"closed","template":"","meta":{"footnotes":""},"_links":{"self":[{"href":"https:\/\/www.hdfreex.com\/es\/wp-json\/wp\/v2\/pages\/88583"}],"collection":[{"href":"https:\/\/www.hdfreex.com\/es\/wp-json\/wp\/v2\/pages"}],"about":[{"href":"https:\/\/www.hdfreex.com\/es\/wp-json\/wp\/v2\/types\/page"}],"author":[{"embeddable":true,"href":"https:\/\/www.hdfreex.com\/es\/wp-json\/wp\/v2\/users\/1"}],"replies":[{"embeddable":true,"href":"https:\/\/www.hdfreex.com\/es\/wp-json\/wp\/v2\/comments?post=88583"}],"version-history":[{"count":0,"href":"https:\/\/www.hdfreex.com\/es\/wp-json\/wp\/v2\/pages\/88583\/revisions"}],"wp:attachment":[{"href":"https:\/\/www.hdfreex.com\/es\/wp-json\/wp\/v2\/media?parent=88583"}],"curies":[{"name":"wp","href":"https:\/\/api.w.org\/{rel}","templated":true}]}}